{"id":13,"date":"2020-07-10T07:13:28","date_gmt":"2020-07-10T07:13:28","guid":{"rendered":"http:\/\/www.audaceproject.it\/?page_id=13"},"modified":"2025-10-24T11:48:14","modified_gmt":"2025-10-24T11:48:14","slug":"publications","status":"publish","type":"page","link":"https:\/\/www.audaceproject.it\/?page_id=13","title":{"rendered":"Publications"},"content":{"rendered":"\n<p><strong>2025<\/strong><\/p>\n\n\n\n<ul class=\"wp-block-list\">\n<li>M. Lucchini, \u201cFloquet Interpretation of Dynamic Interference in Laser-Assisted Photoemission\u201d, <em>Phys. Rev. A<\/em> <strong>112<\/strong>, 043120 (2025) [<a href=\"https:\/\/doi.org\/10.1103\/s7zk-n6bw\">DOI<\/a>]<\/li>\n<\/ul>\n\n\n\n<ul class=\"wp-block-list\">\n<li>F. Vismarra, M. Bertolino, E. Appi, M. Plach, L. G. Oldal, T. G. Gr\u00f3sz, G. L. Dolso, V. Poulain, D. Mocci, G. Inzani, C. Biswas, M. De Marco, G. Zeni, F. Frassetto, L. Poletto, M. Reduzzi, R. Borrego-Varillas, H. J. W\u00f6rner, Z. Filus, I. Seres, P. J\u00f3j\u00e1rt, B. Major, T. Csizmadia, M. Nisoli, P. Eng-Johnsson, M. Dahlstr\u00f6m, M. Lucchini, \u201cDynamic interference of chirped photoelectrons\u201d, <em>Phys. Rev. Lett. <\/em><strong>135<\/strong>, 033202 (2025) [<a href=\"https:\/\/doi.org\/10.1103\/73tl-w87y\">DOI<\/a>]<\/li>\n<\/ul>\n\n\n\n<ul class=\"wp-block-list\">\n<li>G. L. Dolso, S. A. Sato, N. Di Palo, G. Inzani, B. Moio, R. Borrego-Varillas, M. Nisoli, M. Lucchini, \u201cAttosecond virtual charge dynamics in dielectrics\u201d, <em>Nat. Photonics<\/em> <strong>19<\/strong>, 999\u20131005 (2025) [<a href=\"https:\/\/www.nature.com\/articles\/s41566-025-01700-6\">DOI<\/a>]<\/li>\n<\/ul>\n\n\n\n<ul class=\"wp-block-list\">\n<li>G. Inzani, M. Lucchini, &#8220;Attosecond electron dynamics in solids-state systems&#8221;, <em>J. Phys. Photonics<\/em> <strong>7<\/strong>, 022001 (2025) [<a href=\"https:\/\/iopscience.iop.org\/article\/10.1088\/2515-7647\/adb13c\" data-type=\"link\" data-id=\"\\href{https:\/\/doi.org\/10.1038\/s41598-024-77841-5\">DOI<\/a>]<\/li>\n<\/ul>\n\n\n\n<p><strong>2024<\/strong><\/p>\n\n\n\n<ul class=\"wp-block-list\">\n<li>A. Crego, S. Severino, L. Mai, F. Medeghini, F. Vismarra, F. Frassetto, L. Poletto, M. Lucchini, M. Reduzzi, M. Nisoli, R. Borrego-Varillas, &#8220;Sub-20-fs UV-XUV beamline for ultrafast molecular spectroscopy&#8221;, <em>Sci. Rep. <\/em><strong>14<\/strong>, 26016 (2024). [<a href=\"http:\/\/\\href{https:\/\/doi.org\/10.1038\/s41598-024-77841-5\" data-type=\"link\" data-id=\"\\href{https:\/\/doi.org\/10.1038\/s41598-024-77841-5\">DOI<\/a>]<\/li>\n<\/ul>\n\n\n\n<ul class=\"wp-block-list\">\n<li>F. Vismarra, M. Fern\u00e1ndez Gal\u00e1n,D. Mocci, L. Colaizzi, V. W. Segundo, R. Boyero-Garc\u00eda, J. Serrano, E. Conejero Jarque, M. Pini, L. Mai, Y. Wu, H.J. W\u00f6rner, E. Appi, C.L. Arnold, M. Reduzzi, M. Lucchini, J. San Rom\u00e1n, M. Nisoli, C. Hern\u00e1ndez-Garc\u00eda, R. Borrego-Varillas, &#8220;Isolated attosecond pulse generation in a semi-infinite gas cell driven by time-gated phase matching&#8221;, <em>Light-Sci. Appl.<\/em> <strong>13<\/strong>, 197 (2024). [<a href=\"https:\/\/www.nature.com\/articles\/s41377-024-01564-5\">DOI<\/a>]<\/li>\n<\/ul>\n\n\n\n<ul class=\"wp-block-list\">\n<li>N. Di Palo, L. Adamska, S. Bonetti, G. Inzani, M. Talarico, M. Arias Velasco, G. L. Dolso, R. Borrego-Varillas, M. Nisoli, S. Pittalis, C. A. Rozzi, M. Lucchini, \u201cRole of crystal orientation in attosecond photoinjection dynamics of germanium\u201d, Stru. Dyn. 11, 044303 (2024). [<a href=\"https:\/\/doi.org\/10.1063\/4.0000253\" data-type=\"link\" data-id=\"https:\/\/doi.org\/10.1063\/4.0000253\">DOI<\/a>]<\/li>\n<\/ul>\n\n\n\n<ul class=\"wp-block-list\">\n<li>G. Inzani, N. Di Palo, G. L. Dolso, M. Nisoli, M. Lucchini, &#8220;Absolute delay calibration by analytical fitting of attosecond streaking measurements&#8221;, <em>J. Phys. Photonics<\/em> <strong>6<\/strong>, 025007 (2024). [<a href=\"http:\/\/10.1088\/2515-7647\/ad252a\">DOI<\/a>]<\/li>\n<\/ul>\n\n\n\n<ul class=\"wp-block-list\">\n<li>N. Di Palo, G. Inzani, G. L. Dolso, M. Talarico, S. Bonetti, M. Lucchini, &#8220;Attosecond absorption and reflection spectroscopy of solids&#8221;, <em>APL Photonics<\/em> <strong>9<\/strong>, 020901 (2024), [<a href=\"https:\/\/doi.org\/10.1063\/5.0176656\">DOI<\/a>] <\/li>\n<\/ul>\n\n\n\n<p><strong>2023<\/strong><\/p>\n\n\n\n<ul class=\"wp-block-list\">\n<li>G. Inzani, A. Eskandari-asl,  L. Adamska, B. Moio, G. L. Dolso, N. Di Palo, L. J. D&#8217;Onofrio, A. Lamperti, A. Molle, R.  C. A. Rozzi, Borrego-Varillas, M. Nisoli, S. Pittalis,  A. Avella, M. Lucchini, &#8220;Photoinduced charge carrier dynamics in germanium&#8221;, <em>Nuovo Cim. C-Colloq. Commun. Phys.<\/em> <strong>46<\/strong>, 110 (2023), [<a href=\"http:\/\/dx.doi.org\/10.1393\/ncc\/i2023-23110-2\">DOI<\/a>] <\/li>\n<\/ul>\n\n\n\n<ul class=\"wp-block-list\">\n<li>G. Inzani, L. Adamska, A. Eskandari-asl, N. D. Palo, G. L. Dolso, B. Moio, L. J. D\u2019Onofrio, A. Lamperti, A. Molle, R. Borrego-Varillas, M. Nisoli, S. Pittalis, C. A. Rozzi, A. Avella, and M. Lucchini,&#8221;Field-driven attosecond charge dynamics in germanium&#8221;, <em>Nat. Photon.<\/em> <strong>17<\/strong>, 1059-1065 (2023), [<a href=\"https:\/\/www.nature.com\/articles\/s41566-023-01274-1\" data-type=\"link\" data-id=\"https:\/\/www.nature.com\/articles\/s41566-023-01274-1\">PDF<\/a>][<a href=\"https:\/\/rdcu.be\/dkjQ4\">read only<\/a>]<\/li>\n<\/ul>\n\n\n\n<ul class=\"wp-block-list\">\n<li>M. Lucchini, &#8220;Floquet-based interpretation of RABBITT traces&#8221;, <em>Phys. Rev. A<\/em> <strong>108<\/strong>, 013117 (2023). [<a href=\"https:\/\/doi.org\/10.1103\/PhysRevA.108.013117\" data-type=\"URL\" data-id=\"https:\/\/doi.org\/10.1103\/PhysRevA.108.013117\" target=\"_blank\" rel=\"noreferrer noopener\">PDF<\/a>]<\/li>\n<\/ul>\n\n\n\n<ul class=\"wp-block-list\">\n<li>G. L. Dolso, G. Inzani, N. Di Palo, B. Moio, F. Medeghini, R. Borrego-Varillas, M. Nisoli, and M. Lucchini, \u201cVersatile and robust reconstruction of extreme-ultraviolet pulses down to the attosecond regime\u201d, <em>APL Photonics <\/em><strong>8<\/strong>, 076101 (2023). [<a rel=\"noreferrer noopener\" href=\"https:\/\/doi.org\/10.1063\/5.0145325\" target=\"_blank\">PDF<\/a>]<\/li>\n<\/ul>\n\n\n\n<p><strong>2022<\/strong><\/p>\n\n\n\n<ul class=\"wp-block-list\">\n<li>M. Lucchini, F. Medeghini, Y. Wu, F. Vismarra, R. Borrego-Varillas, A. Crego, F. Frassetto, L. Poletto, S.A. Sato, H. H\u00fcbener, U. de Giovannini, \u00c1. Rubio, M. Nisoli, \u201cControlling Floquet states on the femtosecond time scale\u201d, <em>Nat. Commun.<\/em> <strong>13<\/strong>, 7103 (2022). [<a href=\"https:\/\/www.nature.com\/articles\/s41467-022-34973-4\" target=\"_blank\" rel=\"noreferrer noopener\">PDF<\/a>]<\/li>\n<\/ul>\n\n\n\n<ul class=\"wp-block-list\">\n<li>F. Vismarra, R. Borrego-Varillas, Y. Wu, D. Mocci, M. Nisoli and M. Lucchini, &#8220;Ensemble effects on the reconstruction of attosecond pulses and photoemission time delays&#8221;, <em><em>J. Phys. Photonics<\/em> <\/em><strong>4<\/strong>, 034006 (2022). [<a rel=\"noreferrer noopener\" href=\"https:\/\/iopscience.iop.org\/article\/10.1088\/2515-7647\/ac7991\/meta\" data-type=\"URL\" data-id=\"https:\/\/iopscience.iop.org\/article\/10.1088\/2515-7647\/ac7991\/meta\" target=\"_blank\">PDF<\/a>]<\/li>\n<\/ul>\n\n\n\n<ul class=\"wp-block-list\">\n<li>R. Borrego-Varillas, M. Lucchini, M. Nisoli, &#8220;Attosecond spectroscopy for the investigation of ultrafast dynamics in atomic, molecular and solid- state physics&#8221;, <em>Rep. Prog. Phys. <\/em><strong>85<\/strong><em>, <\/em>066401 (2022). [<a rel=\"noreferrer noopener\" href=\"https:\/\/iopscience.iop.org\/article\/10.1088\/1361-6633\/ac5e7f\" target=\"_blank\">PDF<\/a>]<\/li>\n<\/ul>\n\n\n\n<ul class=\"wp-block-list\">\n<li>G. Dolso, B. Moio, G. Inzani, N. Di Palo, S.A. Sato, R. Borrego-Varillas, M. Nisoli, M. Lucchini, &#8220;Reconstruction of ultrafast exciton dynamics with a phase-retrieval algorithm&#8221;, <em>Opt. Expr.<\/em> <strong>30<\/strong>, 12248-12267 (2022). [<a href=\"https:\/\/doi.org\/10.1364\/OE.451759\" target=\"_blank\" rel=\"noreferrer noopener\">PDF<\/a>]<\/li>\n<\/ul>\n\n\n\n<p><strong>2021<\/strong><\/p>\n\n\n\n<ul class=\"wp-block-list\">\n<li>B. Moio, G. L. Dolso, G. Inzani, N. Di Palo, R. Borrego-Varillas, M. Nisoli and M. Lucchini, &#8220;Time-frequency mapping of two-colour photoemission driven by harmonic radiation,&#8221; <em>J. Phys. B: At. Mol. Opt. Phys. <\/em><strong>54<\/strong>, 154003 (2021). [<a href=\"https:\/\/arxiv.org\/pdf\/2106.10343.pdf\">P<\/a><a href=\"https:\/\/arxiv.org\/pdf\/2106.10343.pdf\" target=\"_blank\" rel=\"noreferrer noopener\">D<\/a><a href=\"https:\/\/arxiv.org\/pdf\/2106.10343.pdf\">F<\/a>]<\/li>\n<\/ul>\n\n\n\n<ul class=\"wp-block-list\">\n<li>R. Borrego-Varillas and M. Lucchini, &#8220;Reconstruction of atomic resonances with attosecond streaking,&#8221; <em>Opt. Expr<\/em>. <strong>29, <\/strong>9711-9722 (2021). [<a href=\"https:\/\/www.osapublishing.org\/DirectPDFAccess\/1287BD75-6B22-4213-995112EA8721A3F3_449209\/oe-29-7-9711.pdf?da=1&amp;id=449209&amp;seq=0&amp;mobile=no\" target=\"_blank\" rel=\"noreferrer noopener\">PD<\/a><a href=\"https:\/\/www.osapublishing.org\/DirectPDFAccess\/1287BD75-6B22-4213-995112EA8721A3F3_449209\/oe-29-7-9711.pdf?da=1&amp;id=449209&amp;seq=0&amp;mobile=no\">F<\/a>]<\/li>\n<\/ul>\n\n\n\n<ul class=\"wp-block-list\">\n<li>M. Lucchini,&nbsp;S. A. Sato,&nbsp;G. D. Lucarelli,&nbsp;B. Moio,&nbsp;G. Inzani,&nbsp;R. Borrego-Varillas,&nbsp;F. Frassetto,&nbsp;L. Poletto,&nbsp;H. H\u00fcbener,&nbsp;U. De Giovannini,&nbsp;A. Rubio,&nbsp;M. Nisoli, &#8220;Unravelling the intertwined atomic and bulk nature of localised excitons by attosecond spectroscopy,&#8221; <em>Nat. Commun<\/em>. <strong>12, <\/strong>1021 (2021). [<a href=\"https:\/\/rdcu.be\/cfelA\" target=\"_blank\" rel=\"noreferrer noopener\">PDF<\/a>] <\/li>\n<\/ul>\n\n\n\n<p><strong>2020<\/strong><\/p>\n\n\n\n<ul class=\"wp-block-list\">\n<li>&nbsp;G. D. Lucarelli<em>,&nbsp;<\/em>&nbsp;B. Moio<em>,&nbsp;<\/em>&nbsp;G. Inzani<em>,&nbsp;<\/em>N. Fabris<em>,&nbsp;<\/em>&nbsp;L. Moscardi<em>,&nbsp;<\/em>&nbsp;F. Frassetto<em>,&nbsp;<\/em>&nbsp;L. Poletto<em>,&nbsp;<\/em>&nbsp;M. Nisoli<em>, and&nbsp;<\/em>&nbsp;M. Lucchini, &#8220;Novel beamline for attosecond transient reflection spectroscopy in a sequential two-foci geometry,&#8221;<em> Rev. Sci. Inst<\/em>. <strong>91<\/strong>, 053002 (2020). [<a href=\"https:\/\/arxiv.org\/pdf\/2002.10869.pdf\">P<\/a><a href=\"https:\/\/arxiv.org\/pdf\/2002.10869.pdf\" target=\"_blank\" rel=\"noreferrer noopener\">D<\/a><a href=\"https:\/\/arxiv.org\/pdf\/2002.10869.pdf\">F<\/a>]<\/li>\n<\/ul>\n\n\n\n<p><\/p>\n","protected":false},"excerpt":{"rendered":"<p>2025 2024 2023 2022 2021 2020<\/p>\n","protected":false},"author":4,"featured_media":304,"parent":0,"menu_order":0,"comment_status":"closed","ping_status":"closed","template":"","meta":{"footnotes":""},"class_list":["post-13","page","type-page","status-publish","has-post-thumbnail","hentry"],"_links":{"self":[{"href":"https:\/\/www.audaceproject.it\/index.php?rest_route=\/wp\/v2\/pages\/13","targetHints":{"allow":["GET"]}}],"collection":[{"href":"https:\/\/www.audaceproject.it\/index.php?rest_route=\/wp\/v2\/pages"}],"about":[{"href":"https:\/\/www.audaceproject.it\/index.php?rest_route=\/wp\/v2\/types\/page"}],"author":[{"embeddable":true,"href":"https:\/\/www.audaceproject.it\/index.php?rest_route=\/wp\/v2\/users\/4"}],"replies":[{"embeddable":true,"href":"https:\/\/www.audaceproject.it\/index.php?rest_route=%2Fwp%2Fv2%2Fcomments&post=13"}],"version-history":[{"count":33,"href":"https:\/\/www.audaceproject.it\/index.php?rest_route=\/wp\/v2\/pages\/13\/revisions"}],"predecessor-version":[{"id":380,"href":"https:\/\/www.audaceproject.it\/index.php?rest_route=\/wp\/v2\/pages\/13\/revisions\/380"}],"wp:featuredmedia":[{"embeddable":true,"href":"https:\/\/www.audaceproject.it\/index.php?rest_route=\/wp\/v2\/media\/304"}],"wp:attachment":[{"href":"https:\/\/www.audaceproject.it\/index.php?rest_route=%2Fwp%2Fv2%2Fmedia&parent=13"}],"curies":[{"name":"wp","href":"https:\/\/api.w.org\/{rel}","templated":true}]}}